{"id":46,"date":"2019-02-22T13:52:10","date_gmt":"2019-02-22T16:52:10","guid":{"rendered":"http:\/\/eigierdiagnosticos.com.br\/blog\/?page_id=46"},"modified":"2019-11-08T14:38:23","modified_gmt":"2019-11-08T16:38:23","slug":"sobre-a-empresa","status":"publish","type":"page","link":"https:\/\/eigierdiagnosticos.com.br\/blog\/sobre-a-empresa\/","title":{"rendered":"Sobre a Empresa"},"content":{"rendered":"\r\n<h2>A Eigier Diagn\u00f3sticos \u00e9 o bra\u00e7o clinico do Grupo Eigier.<\/h2>\r\n\r\n\r\n\r\n<figure class=\"wp-block-image\"><img loading=\"lazy\" width=\"1024\" height=\"692\" class=\"wp-image-82\" src=\"http:\/\/eigierdiagnosticos.com.br\/blog\/wp-content\/uploads\/2019\/02\/slider02-1-1024x692.jpg\" alt=\"\" srcset=\"https:\/\/eigierdiagnosticos.com.br\/blog\/wp-content\/uploads\/2019\/02\/slider02-1-1024x692.jpg 1024w, https:\/\/eigierdiagnosticos.com.br\/blog\/wp-content\/uploads\/2019\/02\/slider02-1-300x203.jpg 300w, https:\/\/eigierdiagnosticos.com.br\/blog\/wp-content\/uploads\/2019\/02\/slider02-1-768x519.jpg 768w\" sizes=\"(max-width: 1024px) 100vw, 1024px\" \/>\r\n<p>O Grupo est\u00e1 h\u00e1 mais de 37 anos no mercado e \u00e9 respons\u00e1vel pelo controle de empresas especializadas que atuam em medicina diagn\u00f3stica por imagem.<\/p>\r\n<p>Fundado pelo m\u00e9dico radiologista Dr. Alberto Eigier, o empreendimento iniciou-se na capital paulista em 1978, com a inaugura\u00e7\u00e3o de sua cl\u00ednica particular, percursora em ultrassonografia no Brasil.<\/p>\r\n<p>Contamos com uma equipe de mais de 500 profissionais entre m\u00e9dicos radiologistas especializados em diversas modalidades, enfermeiras, t\u00e9cnicos e pessoal administrativo.<\/p>\r\n<\/figure>\r\n\r\n\r\n<!-- AddThis Advanced Settings generic via filter on the_content --><!-- AddThis Share Buttons generic via filter on the_content -->","protected":false},"excerpt":{"rendered":"<p>A Eigier Diagn\u00f3sticos \u00e9 o bra\u00e7o clinico do Grupo Eigier.<!-- AddThis Advanced Settings generic via filter on get_the_excerpt --><!-- AddThis Share Buttons generic via filter on get_the_excerpt --><\/p>\n","protected":false},"author":1,"featured_media":63,"parent":0,"menu_order":0,"comment_status":"closed","ping_status":"closed","template":"","meta":[],"yoast_head":"<!-- This site is optimized with the Yoast SEO plugin v18.4.1 - https:\/\/yoast.com\/wordpress\/plugins\/seo\/ -->\n<title>Sobre a Empresa - Blog<\/title>\n<meta name=\"robots\" content=\"index, follow, max-snippet:-1, max-image-preview:large, max-video-preview:-1\" \/>\n<link rel=\"canonical\" href=\"https:\/\/eigierdiagnosticos.com.br\/blog\/sobre-a-empresa\/\" \/>\n<meta property=\"og:locale\" content=\"pt_BR\" \/>\n<meta property=\"og:type\" content=\"article\" \/>\n<meta property=\"og:title\" content=\"Sobre a Empresa - Blog\" \/>\n<meta property=\"og:description\" content=\"A Eigier Diagn\u00f3sticos \u00e9 o bra\u00e7o clinico do Grupo Eigier.\" \/>\n<meta property=\"og:url\" content=\"https:\/\/eigierdiagnosticos.com.br\/blog\/sobre-a-empresa\/\" \/>\n<meta property=\"og:site_name\" content=\"Blog\" \/>\n<meta property=\"article:modified_time\" content=\"2019-11-08T16:38:23+00:00\" \/>\n<meta property=\"og:image\" content=\"https:\/\/eigierdiagnosticos.com.br\/blog\/wp-content\/uploads\/2019\/02\/slider01.jpg\" \/>\n\t<meta property=\"og:image:width\" content=\"7360\" \/>\n\t<meta property=\"og:image:height\" content=\"4912\" \/>\n\t<meta property=\"og:image:type\" content=\"image\/jpeg\" \/>\n<meta name=\"twitter:card\" content=\"summary_large_image\" \/>\n<script type=\"application\/ld+json\" class=\"yoast-schema-graph\">{\"@context\":\"https:\/\/schema.org\",\"@graph\":[{\"@type\":\"WebSite\",\"@id\":\"https:\/\/eigierdiagnosticos.com.br\/blog\/#website\",\"url\":\"https:\/\/eigierdiagnosticos.com.br\/blog\/\",\"name\":\"Blog\",\"description\":\"Eigier\",\"potentialAction\":[{\"@type\":\"SearchAction\",\"target\":{\"@type\":\"EntryPoint\",\"urlTemplate\":\"https:\/\/eigierdiagnosticos.com.br\/blog\/?s={search_term_string}\"},\"query-input\":\"required name=search_term_string\"}],\"inLanguage\":\"pt-BR\"},{\"@type\":\"ImageObject\",\"@id\":\"https:\/\/eigierdiagnosticos.com.br\/blog\/sobre-a-empresa\/#primaryimage\",\"inLanguage\":\"pt-BR\",\"url\":\"https:\/\/eigierdiagnosticos.com.br\/blog\/wp-content\/uploads\/2019\/02\/slider01.jpg\",\"contentUrl\":\"https:\/\/eigierdiagnosticos.com.br\/blog\/wp-content\/uploads\/2019\/02\/slider01.jpg\",\"width\":7360,\"height\":4912},{\"@type\":\"WebPage\",\"@id\":\"https:\/\/eigierdiagnosticos.com.br\/blog\/sobre-a-empresa\/#webpage\",\"url\":\"https:\/\/eigierdiagnosticos.com.br\/blog\/sobre-a-empresa\/\",\"name\":\"Sobre a Empresa - Blog\",\"isPartOf\":{\"@id\":\"https:\/\/eigierdiagnosticos.com.br\/blog\/#website\"},\"primaryImageOfPage\":{\"@id\":\"https:\/\/eigierdiagnosticos.com.br\/blog\/sobre-a-empresa\/#primaryimage\"},\"datePublished\":\"2019-02-22T16:52:10+00:00\",\"dateModified\":\"2019-11-08T16:38:23+00:00\",\"breadcrumb\":{\"@id\":\"https:\/\/eigierdiagnosticos.com.br\/blog\/sobre-a-empresa\/#breadcrumb\"},\"inLanguage\":\"pt-BR\",\"potentialAction\":[{\"@type\":\"ReadAction\",\"target\":[\"https:\/\/eigierdiagnosticos.com.br\/blog\/sobre-a-empresa\/\"]}]},{\"@type\":\"BreadcrumbList\",\"@id\":\"https:\/\/eigierdiagnosticos.com.br\/blog\/sobre-a-empresa\/#breadcrumb\",\"itemListElement\":[{\"@type\":\"ListItem\",\"position\":1,\"name\":\"In\u00edcio\",\"item\":\"https:\/\/eigierdiagnosticos.com.br\/blog\/\"},{\"@type\":\"ListItem\",\"position\":2,\"name\":\"Sobre a Empresa\"}]}]}<\/script>\n<!-- \/ Yoast SEO plugin. -->","yoast_head_json":{"title":"Sobre a Empresa - Blog","robots":{"index":"index","follow":"follow","max-snippet":"max-snippet:-1","max-image-preview":"max-image-preview:large","max-video-preview":"max-video-preview:-1"},"canonical":"https:\/\/eigierdiagnosticos.com.br\/blog\/sobre-a-empresa\/","og_locale":"pt_BR","og_type":"article","og_title":"Sobre a Empresa - Blog","og_description":"A Eigier Diagn\u00f3sticos \u00e9 o bra\u00e7o clinico do Grupo Eigier.","og_url":"https:\/\/eigierdiagnosticos.com.br\/blog\/sobre-a-empresa\/","og_site_name":"Blog","article_modified_time":"2019-11-08T16:38:23+00:00","og_image":[{"width":7360,"height":4912,"url":"https:\/\/eigierdiagnosticos.com.br\/blog\/wp-content\/uploads\/2019\/02\/slider01.jpg","type":"image\/jpeg"}],"twitter_card":"summary_large_image","schema":{"@context":"https:\/\/schema.org","@graph":[{"@type":"WebSite","@id":"https:\/\/eigierdiagnosticos.com.br\/blog\/#website","url":"https:\/\/eigierdiagnosticos.com.br\/blog\/","name":"Blog","description":"Eigier","potentialAction":[{"@type":"SearchAction","target":{"@type":"EntryPoint","urlTemplate":"https:\/\/eigierdiagnosticos.com.br\/blog\/?s={search_term_string}"},"query-input":"required name=search_term_string"}],"inLanguage":"pt-BR"},{"@type":"ImageObject","@id":"https:\/\/eigierdiagnosticos.com.br\/blog\/sobre-a-empresa\/#primaryimage","inLanguage":"pt-BR","url":"https:\/\/eigierdiagnosticos.com.br\/blog\/wp-content\/uploads\/2019\/02\/slider01.jpg","contentUrl":"https:\/\/eigierdiagnosticos.com.br\/blog\/wp-content\/uploads\/2019\/02\/slider01.jpg","width":7360,"height":4912},{"@type":"WebPage","@id":"https:\/\/eigierdiagnosticos.com.br\/blog\/sobre-a-empresa\/#webpage","url":"https:\/\/eigierdiagnosticos.com.br\/blog\/sobre-a-empresa\/","name":"Sobre a Empresa - Blog","isPartOf":{"@id":"https:\/\/eigierdiagnosticos.com.br\/blog\/#website"},"primaryImageOfPage":{"@id":"https:\/\/eigierdiagnosticos.com.br\/blog\/sobre-a-empresa\/#primaryimage"},"datePublished":"2019-02-22T16:52:10+00:00","dateModified":"2019-11-08T16:38:23+00:00","breadcrumb":{"@id":"https:\/\/eigierdiagnosticos.com.br\/blog\/sobre-a-empresa\/#breadcrumb"},"inLanguage":"pt-BR","potentialAction":[{"@type":"ReadAction","target":["https:\/\/eigierdiagnosticos.com.br\/blog\/sobre-a-empresa\/"]}]},{"@type":"BreadcrumbList","@id":"https:\/\/eigierdiagnosticos.com.br\/blog\/sobre-a-empresa\/#breadcrumb","itemListElement":[{"@type":"ListItem","position":1,"name":"In\u00edcio","item":"https:\/\/eigierdiagnosticos.com.br\/blog\/"},{"@type":"ListItem","position":2,"name":"Sobre a Empresa"}]}]}},"_links":{"self":[{"href":"https:\/\/eigierdiagnosticos.com.br\/blog\/wp-json\/wp\/v2\/pages\/46"}],"collection":[{"href":"https:\/\/eigierdiagnosticos.com.br\/blog\/wp-json\/wp\/v2\/pages"}],"about":[{"href":"https:\/\/eigierdiagnosticos.com.br\/blog\/wp-json\/wp\/v2\/types\/page"}],"author":[{"embeddable":true,"href":"https:\/\/eigierdiagnosticos.com.br\/blog\/wp-json\/wp\/v2\/users\/1"}],"replies":[{"embeddable":true,"href":"https:\/\/eigierdiagnosticos.com.br\/blog\/wp-json\/wp\/v2\/comments?post=46"}],"version-history":[{"count":6,"href":"https:\/\/eigierdiagnosticos.com.br\/blog\/wp-json\/wp\/v2\/pages\/46\/revisions"}],"predecessor-version":[{"id":1399,"href":"https:\/\/eigierdiagnosticos.com.br\/blog\/wp-json\/wp\/v2\/pages\/46\/revisions\/1399"}],"wp:featuredmedia":[{"embeddable":true,"href":"https:\/\/eigierdiagnosticos.com.br\/blog\/wp-json\/wp\/v2\/media\/63"}],"wp:attachment":[{"href":"https:\/\/eigierdiagnosticos.com.br\/blog\/wp-json\/wp\/v2\/media?parent=46"}],"curies":[{"name":"wp","href":"https:\/\/api.w.org\/{rel}","templated":true}]}}